{"id":2211,"date":"2018-05-05T11:09:17","date_gmt":"2018-05-05T09:09:17","guid":{"rendered":"https:\/\/www.kalypsoparos.com\/about\/"},"modified":"2022-08-02T10:32:24","modified_gmt":"2022-08-02T08:32:24","slug":"about","status":"publish","type":"page","link":"https:\/\/www.kalypsoparos.com\/de\/villas\/about\/","title":{"rendered":"\u00dcberuns"},"content":{"rendered":"<p>Lassen Sie Ihre Tr\u00e4ume wahr werden und die strahlende \u00e4g\u00e4ische Brise weckt Ihre Sinne in den Kalypso Villas, einem luxuri\u00f6sen R\u00fcckzugsort f\u00fcr diejenigen, die ruhige Momente der Entspannung inmitten der beruhigenden Wellen w\u00fcnschen.<\/p>\n<p>Der Kalypso Villas-Komplex besteht aus 3 unabh\u00e4ngigen kykladischen Villen. Sie wohnen im kosmopolitischen und malerischen Naoussa der Insel Paros am Strand Agioi Anargyroi, direkt am Meer und nur 10 Gehminuten vom Hafen von Naoussa in Paros entfernt.<\/p>\n<p>Unsere Villen bieten einen luxuri\u00f6sen und entspannten Urlaub am Meer im Dorf Naoussa. Wachen Sie mit einer atemberaubenden Landschaft auf, und die \u00c4g\u00e4is und Agioi Anargyroi Beach zeigen Ihnen ihre Sch\u00f6nheit vor Ihnen. Jede unserer Luxusvillen in Paros verf\u00fcgt \u00fcber einen privaten Whirlpool im Freien, damit Sie die Sch\u00f6nheit der Bucht in Finesse genie\u00dfen k\u00f6nnen.<\/p>\n<p>Den G\u00e4sten der Kalypso Villas in Paros stehen hochwertige Dienstleistungen und Einrichtungen zur Verf\u00fcgung, die ihren Aufenthalt zu einem einzigartigen und sehr erholsamen Urlaubserlebnis in einer der w\u00e4rmsten und freundlichsten Villenkomplexen von Paros machen. Das Gel\u00e4nde der Kalypso Villas verf\u00fcgt \u00fcber einen gro\u00dfen Garten, ein Fitnesscenter und ein WC im Untergeschoss (alle f\u00fcr Villa-G\u00e4ste und ihre Besucher zug\u00e4nglich) sowie kostenlose Parkpl\u00e4tze im Freien.<\/p>\n","protected":false},"excerpt":{"rendered":"<p>Lassen Sie Ihre Tr\u00e4ume wahr werden und die strahlende \u00e4g\u00e4ische Brise weckt Ihre Sinne in den Kalypso Villas, einem luxuri\u00f6sen R\u00fcckzugsort f\u00fcr diejenigen, die ruhige Momente der Entspannung inmitten der beruhigenden Wellen w\u00fcnschen. Der Kalypso Villas-Komplex besteht aus 3 unabh\u00e4ngigen&hellip;<\/p>\n","protected":false},"author":1,"featured_media":0,"parent":2341,"menu_order":0,"comment_status":"closed","ping_status":"closed","template":"kobo\/about.php","meta":{"_acf_changed":false,"footnotes":""},"class_list":["post-2211","page","type-page","status-publish","hentry","entry","no-media"],"acf":[],"aioseo_notices":[],"_links":{"self":[{"href":"https:\/\/www.kalypsoparos.com\/de\/wp-json\/wp\/v2\/pages\/2211","targetHints":{"allow":["GET"]}}],"collection":[{"href":"https:\/\/www.kalypsoparos.com\/de\/wp-json\/wp\/v2\/pages"}],"about":[{"href":"https:\/\/www.kalypsoparos.com\/de\/wp-json\/wp\/v2\/types\/page"}],"author":[{"embeddable":true,"href":"https:\/\/www.kalypsoparos.com\/de\/wp-json\/wp\/v2\/users\/1"}],"replies":[{"embeddable":true,"href":"https:\/\/www.kalypsoparos.com\/de\/wp-json\/wp\/v2\/comments?post=2211"}],"version-history":[{"count":0,"href":"https:\/\/www.kalypsoparos.com\/de\/wp-json\/wp\/v2\/pages\/2211\/revisions"}],"up":[{"embeddable":true,"href":"https:\/\/www.kalypsoparos.com\/de\/wp-json\/wp\/v2\/pages\/2341"}],"wp:attachment":[{"href":"https:\/\/www.kalypsoparos.com\/de\/wp-json\/wp\/v2\/media?parent=2211"}],"curies":[{"name":"wp","href":"https:\/\/api.w.org\/{rel}","templated":true}]}}