{"id":2218,"date":"2018-05-05T11:08:24","date_gmt":"2018-05-05T09:08:24","guid":{"rendered":"https:\/\/www.kalypsoparos.com\/about-2\/"},"modified":"2022-08-02T10:32:24","modified_gmt":"2022-08-02T08:32:24","slug":"about","status":"publish","type":"page","link":"https:\/\/www.kalypsoparos.com\/de\/hotel\/about\/","title":{"rendered":"\u00dcber uns"},"content":{"rendered":"<p>Nur wenige Meter vom kristallklaren Wasser der \u00c4g\u00e4is entfernt liegt das Kalypso Hotel. Dieses einzigartige Strandhotel in Naoussa liegt nur 500 m vom Zentrum und dem Hafen der malerischen Stadt entfernt. Es bietet einen Panoramablick auf das Meer, wundersch\u00f6n eingerichtete Zimmer und Suiten und bietet Erlebnisse, die durch ma\u00dfgeschneiderten Service bereichert werden.<\/p>\n<p>\u00c4u\u00dferlich ist das traditionell aussehende Geb\u00e4ude diskret zwischen den B\u00e4umen und dem Strand platziert, um sich in die Umgebung einzuf\u00fcgen. Nur mit nat\u00fcrlichem griechischem Stein und wei\u00df get\u00fcnchten Mauern, wie man sie in vielen kykladischen D\u00f6rfern findet, verziert. Das Innere bietet eine v\u00f6llig andere Geschichte mit komplett renovierten Innenr\u00e4umen, durchdachten Annehmlichkeiten und einem erstaunlichen Ambiente, das zum Badeerlebnis passt.<\/p>\n<p>Das Hotel verf\u00fcgt \u00fcber ger\u00e4umige Zimmer und Suiten, die maximalen Komfort mit einer eleganten Kombination aus wei\u00dfen T\u00f6nen, farbenfrohen Stoffen und einzigartigen M\u00f6beln bieten. Mit unseren gut ausgestatteten Zimmern und Suiten, unserer gesch\u00e4tzten Lage am Strand und unserem innewohnenden Engagement f\u00fcr G\u00e4ste laden wir Sie ein, in die Erfahrung eines der besten Hotels in Paros einzutauchen.<\/p>\n<p>Lassen Sie sich daran erinnern, wie es ist, wieder gut zu leben.<\/p>\n","protected":false},"excerpt":{"rendered":"<p>Nur wenige Meter vom kristallklaren Wasser der \u00c4g\u00e4is entfernt liegt das Kalypso Hotel. Dieses einzigartige Strandhotel in Naoussa liegt nur 500 m vom Zentrum und dem Hafen der malerischen Stadt entfernt. Es bietet einen Panoramablick auf das Meer, wundersch\u00f6n eingerichtete&hellip;<\/p>\n","protected":false},"author":1,"featured_media":0,"parent":2351,"menu_order":0,"comment_status":"closed","ping_status":"closed","template":"kobo\/about.php","meta":{"_acf_changed":false,"footnotes":""},"class_list":["post-2218","page","type-page","status-publish","hentry","entry","no-media"],"acf":[],"aioseo_notices":[],"_links":{"self":[{"href":"https:\/\/www.kalypsoparos.com\/de\/wp-json\/wp\/v2\/pages\/2218","targetHints":{"allow":["GET"]}}],"collection":[{"href":"https:\/\/www.kalypsoparos.com\/de\/wp-json\/wp\/v2\/pages"}],"about":[{"href":"https:\/\/www.kalypsoparos.com\/de\/wp-json\/wp\/v2\/types\/page"}],"author":[{"embeddable":true,"href":"https:\/\/www.kalypsoparos.com\/de\/wp-json\/wp\/v2\/users\/1"}],"replies":[{"embeddable":true,"href":"https:\/\/www.kalypsoparos.com\/de\/wp-json\/wp\/v2\/comments?post=2218"}],"version-history":[{"count":0,"href":"https:\/\/www.kalypsoparos.com\/de\/wp-json\/wp\/v2\/pages\/2218\/revisions"}],"up":[{"embeddable":true,"href":"https:\/\/www.kalypsoparos.com\/de\/wp-json\/wp\/v2\/pages\/2351"}],"wp:attachment":[{"href":"https:\/\/www.kalypsoparos.com\/de\/wp-json\/wp\/v2\/media?parent=2218"}],"curies":[{"name":"wp","href":"https:\/\/api.w.org\/{rel}","templated":true}]}}