{"id":2229,"date":"2018-04-17T19:52:03","date_gmt":"2018-04-17T17:52:03","guid":{"rendered":"https:\/\/www.kalypsoparos.com\/facilities-services\/"},"modified":"2022-08-02T10:32:25","modified_gmt":"2022-08-02T08:32:25","slug":"facilities-services","status":"publish","type":"page","link":"https:\/\/www.kalypsoparos.com\/de\/apartments\/facilities-services\/","title":{"rendered":"Ausstattung &#038; Service"},"content":{"rendered":"<p>Kalypso Apartments ist eine Mischung aus Komfort, Design, inspirierter Gastfreundschaft und echtem Service.<\/p>\n<p>Es wurde entworfen, um alle Bed\u00fcrfnisse und W\u00fcnsche der G\u00e4ste zu erf\u00fcllen. Es bietet traditionelle Architektur, modernes Interieur und atemberaubende Annehmlichkeiten und Dienstleistungen.\u00a0 R\u00e4umlichkeiten, die G\u00e4ste mit einem Gef\u00fchl von intimem Komfort und einem befreiten Raumgef\u00fchl umgeben, das eine anspruchsvolle Flucht darstellt.<\/p>\n<p>Der Komplex ist f\u00fcr alle, die die bestm\u00f6gliche Erfahrung suchen, in jeder Hinsicht au\u00dfergew\u00f6hnlich. Ein Kurzurlaub in Paros, idyllisch gelegen, bietet Ruhe und Gem\u00fctlichkeit.<\/p>\n","protected":false},"excerpt":{"rendered":"<p>Kalypso Apartments ist eine Mischung aus Komfort, Design, inspirierter Gastfreundschaft und echtem Service. Es wurde entworfen, um alle Bed\u00fcrfnisse und W\u00fcnsche der G\u00e4ste zu erf\u00fcllen. Es bietet traditionelle Architektur, modernes Interieur und atemberaubende Annehmlichkeiten und Dienstleistungen.\u00a0 R\u00e4umlichkeiten, die G\u00e4ste mit&hellip;<\/p>\n","protected":false},"author":1,"featured_media":0,"parent":2348,"menu_order":0,"comment_status":"closed","ping_status":"closed","template":"kobo\/apartmentsfacilities.php","meta":{"_acf_changed":false,"footnotes":""},"class_list":["post-2229","page","type-page","status-publish","hentry","entry","no-media"],"acf":[],"aioseo_notices":[],"_links":{"self":[{"href":"https:\/\/www.kalypsoparos.com\/de\/wp-json\/wp\/v2\/pages\/2229","targetHints":{"allow":["GET"]}}],"collection":[{"href":"https:\/\/www.kalypsoparos.com\/de\/wp-json\/wp\/v2\/pages"}],"about":[{"href":"https:\/\/www.kalypsoparos.com\/de\/wp-json\/wp\/v2\/types\/page"}],"author":[{"embeddable":true,"href":"https:\/\/www.kalypsoparos.com\/de\/wp-json\/wp\/v2\/users\/1"}],"replies":[{"embeddable":true,"href":"https:\/\/www.kalypsoparos.com\/de\/wp-json\/wp\/v2\/comments?post=2229"}],"version-history":[{"count":0,"href":"https:\/\/www.kalypsoparos.com\/de\/wp-json\/wp\/v2\/pages\/2229\/revisions"}],"up":[{"embeddable":true,"href":"https:\/\/www.kalypsoparos.com\/de\/wp-json\/wp\/v2\/pages\/2348"}],"wp:attachment":[{"href":"https:\/\/www.kalypsoparos.com\/de\/wp-json\/wp\/v2\/media?parent=2229"}],"curies":[{"name":"wp","href":"https:\/\/api.w.org\/{rel}","templated":true}]}}