{"id":2232,"date":"2018-04-17T19:50:18","date_gmt":"2018-04-17T17:50:18","guid":{"rendered":"https:\/\/www.kalypsoparos.com\/wellness\/"},"modified":"2022-08-02T10:32:25","modified_gmt":"2022-08-02T08:32:25","slug":"wellness","status":"publish","type":"page","link":"https:\/\/www.kalypsoparos.com\/de\/apartments\/wellness\/","title":{"rendered":"Wellness"},"content":{"rendered":"<p>Urlaub ist eine gro\u00dfartige Gelegenheit, um Wellness, k\u00f6rperliche Entspannung und mentale Stimulation zu erlangen. Im Kalypso Hotel haben wir Einrichtungen und Dienstleistungen geschaffen, die aktiv zur Akquisition aller oben genannten Faktoren beitragen k\u00f6nnen.<\/p>\n<p>Unabh\u00e4ngig davon, in welcher unserer Unterk\u00fcnfte Sie sich befinden, in Hotels, Villen oder Apartments, Sie sind herzlich eingeladen, unsere Wellnesseinrichtungen zu nutzen und sie zu Ihrem vollwertigen Zufluchtsort zu machen: zum Genie\u00dfen, Spielen und Lernen; Ihre ganz nat\u00fcrliche Formel f\u00fcr das Wohlbefinden; Ihr Urlaub geht auf Fitness und Gleichgewicht \u00fcber.<\/p>\n<p>G\u00f6nnen Sie sich R\u00e4ume, die den G\u00e4sten ein beispielloses Erlebnis purer Entspannung bieten, K\u00f6rper und Geist erfrischen und neue und positive Energie verleihen.<\/p>\n","protected":false},"excerpt":{"rendered":"<p>Urlaub ist eine gro\u00dfartige Gelegenheit, um Wellness, k\u00f6rperliche Entspannung und mentale Stimulation zu erlangen. Im Kalypso Hotel haben wir Einrichtungen und Dienstleistungen geschaffen, die aktiv zur Akquisition aller oben genannten Faktoren beitragen k\u00f6nnen. Unabh\u00e4ngig davon, in welcher unserer Unterk\u00fcnfte Sie&hellip;<\/p>\n","protected":false},"author":1,"featured_media":0,"parent":2348,"menu_order":0,"comment_status":"closed","ping_status":"closed","template":"kobo\/apartmentservices.php","meta":{"_acf_changed":false,"footnotes":""},"class_list":["post-2232","page","type-page","status-publish","hentry","entry","no-media"],"acf":[],"aioseo_notices":[],"_links":{"self":[{"href":"https:\/\/www.kalypsoparos.com\/de\/wp-json\/wp\/v2\/pages\/2232","targetHints":{"allow":["GET"]}}],"collection":[{"href":"https:\/\/www.kalypsoparos.com\/de\/wp-json\/wp\/v2\/pages"}],"about":[{"href":"https:\/\/www.kalypsoparos.com\/de\/wp-json\/wp\/v2\/types\/page"}],"author":[{"embeddable":true,"href":"https:\/\/www.kalypsoparos.com\/de\/wp-json\/wp\/v2\/users\/1"}],"replies":[{"embeddable":true,"href":"https:\/\/www.kalypsoparos.com\/de\/wp-json\/wp\/v2\/comments?post=2232"}],"version-history":[{"count":0,"href":"https:\/\/www.kalypsoparos.com\/de\/wp-json\/wp\/v2\/pages\/2232\/revisions"}],"up":[{"embeddable":true,"href":"https:\/\/www.kalypsoparos.com\/de\/wp-json\/wp\/v2\/pages\/2348"}],"wp:attachment":[{"href":"https:\/\/www.kalypsoparos.com\/de\/wp-json\/wp\/v2\/media?parent=2232"}],"curies":[{"name":"wp","href":"https:\/\/api.w.org\/{rel}","templated":true}]}}