{"id":2263,"date":"2018-04-17T19:23:21","date_gmt":"2018-04-17T17:23:21","guid":{"rendered":"https:\/\/www.kalypsoparos.com\/location-2\/"},"modified":"2022-08-02T10:32:26","modified_gmt":"2022-08-02T08:32:26","slug":"location","status":"publish","type":"page","link":"https:\/\/www.kalypsoparos.com\/de\/apartments\/location\/","title":{"rendered":"Ort"},"content":{"rendered":"<p>Es gibt sch\u00f6ne Orte, tolle Orte und es gibt die Insel Paros. Die Insel Paros liegt im Herzen der Kykladen und ist eines der beliebtesten Reiseziele in Griechenland. Traditionelle, wei\u00df get\u00fcnchte kubische H\u00e4user, gemischt mit venezianischer Architektur und neoklassizistischen Villen, wundervolle Kirchen aus dem 15. Jahrhundert und wei\u00df get\u00fcnchte Windm\u00fchlen schaffen einen atemberaubenden Anblick.<\/p>\n<p>Sonnenverw\u00f6hnte Str\u00e4nde, an denen Sie das kristallklare Meer genie\u00dfen k\u00f6nnen, wundersch\u00f6ne traditionelle D\u00f6rfer wie Naousa und Lefkes und eine unvergleichliche nat\u00fcrliche Sch\u00f6nheit erwarten Sie. Wei\u00df und Blau sch\u00f6n kombiniert!<\/p>\n<p>Der Hotelkomplex Kalypso Hotel, Villas and Apartments befindet sich in Naoussa Paros, nur 500 m vom Zentrum und dem Hafen der malerischen Stadt entfernt. Das Hotel und die Villen befinden sich neben dem unber\u00fchrten Strand von Agioi Anargyroi, w\u00e4hrend der Apartments Complex nur 450 m entfernt liegt.<\/p>\n<p>W\u00e4hrend Ihres Aufenthaltes im Hotel werden Sie von der fantastischen K\u00fcste beeindruckt sein, die Sie vom fr\u00fchen Morgen bis in die Abendstunden auf bequemen Sonnenliegen genie\u00dfen k\u00f6nnen. Das sandige Paradies ist in greifbarer N\u00e4he, wenn Sie ein erfrischendes Bad im Meer machen m\u00f6chten.<\/p>\n<p>Es ist der perfekte Ort, um alles loszulassen und die Lebensfreude zu feiern.<\/p>\n","protected":false},"excerpt":{"rendered":"<p>Es gibt sch\u00f6ne Orte, tolle Orte und es gibt die Insel Paros. Die Insel Paros liegt im Herzen der Kykladen und ist eines der beliebtesten Reiseziele in Griechenland. Traditionelle, wei\u00df get\u00fcnchte kubische H\u00e4user, gemischt mit venezianischer Architektur und neoklassizistischen Villen,&hellip;<\/p>\n","protected":false},"author":1,"featured_media":0,"parent":2348,"menu_order":0,"comment_status":"closed","ping_status":"closed","template":"kobo\/apartmentlocation.php","meta":{"_acf_changed":false,"footnotes":""},"class_list":["post-2263","page","type-page","status-publish","hentry","entry","no-media"],"acf":[],"aioseo_notices":[],"_links":{"self":[{"href":"https:\/\/www.kalypsoparos.com\/de\/wp-json\/wp\/v2\/pages\/2263","targetHints":{"allow":["GET"]}}],"collection":[{"href":"https:\/\/www.kalypsoparos.com\/de\/wp-json\/wp\/v2\/pages"}],"about":[{"href":"https:\/\/www.kalypsoparos.com\/de\/wp-json\/wp\/v2\/types\/page"}],"author":[{"embeddable":true,"href":"https:\/\/www.kalypsoparos.com\/de\/wp-json\/wp\/v2\/users\/1"}],"replies":[{"embeddable":true,"href":"https:\/\/www.kalypsoparos.com\/de\/wp-json\/wp\/v2\/comments?post=2263"}],"version-history":[{"count":0,"href":"https:\/\/www.kalypsoparos.com\/de\/wp-json\/wp\/v2\/pages\/2263\/revisions"}],"up":[{"embeddable":true,"href":"https:\/\/www.kalypsoparos.com\/de\/wp-json\/wp\/v2\/pages\/2348"}],"wp:attachment":[{"href":"https:\/\/www.kalypsoparos.com\/de\/wp-json\/wp\/v2\/media?parent=2263"}],"curies":[{"name":"wp","href":"https:\/\/api.w.org\/{rel}","templated":true}]}}