{"id":2338,"date":"2018-04-17T18:41:46","date_gmt":"2018-04-17T16:41:46","guid":{"rendered":"https:\/\/www.kalypsoparos.com\/accommodation-2\/"},"modified":"2022-08-02T10:32:27","modified_gmt":"2022-08-02T08:32:27","slug":"accommodation","status":"publish","type":"page","link":"https:\/\/www.kalypsoparos.com\/de\/hotel\/accommodation\/","title":{"rendered":"Unterkunft"},"content":{"rendered":"<p>Kalypso Hotel befindet sich in einem den sch\u00f6nsten Orten von Paros. In diesem feinen Hotel reflektieren die Zimmer durch Kombination von hellem Holz, buntem Stoff, hellem Stein und dem Duft der Insel die lokale Landschaft und Kultur.<\/p>\n<p>Die Zimmer bieten ein unaufdringliches Ambiente mit komfortablem Luxus und sind wundersch\u00f6n mit einer Mischung aus modernem Komfort und authentischen architektonischen und gestalterischen Details ausgestattet.<\/p>\n<p>Es gibt mehrere Arten von Zimmern, wie z.B. Zimmer mit dem Blick auf die Stadt f\u00fcr das echte Gef\u00fchl des mediteranischen Lebens. Unabh\u00e4ngig davon, was Sie pr\u00e4ferieren, alle sind mit Geschmack eingerichtet und bieten Ihnen einen privaten Balkon und einen Blick. Doch, Sie m\u00fcssen entschieden, welcher Blick Ihnen am meisten gef\u00e4llt. Das wird keine leichte Entscheidung.<\/p>\n","protected":false},"excerpt":{"rendered":"<p>Kalypso Hotel befindet sich in einem den sch\u00f6nsten Orten von Paros. In diesem feinen Hotel reflektieren die Zimmer durch Kombination von hellem Holz, buntem Stoff, hellem Stein und dem Duft der Insel die lokale Landschaft und Kultur. Die Zimmer bieten&hellip;<\/p>\n","protected":false},"author":1,"featured_media":1495,"parent":2351,"menu_order":0,"comment_status":"closed","ping_status":"closed","template":"kobo\/hotelrooms.php","meta":{"_acf_changed":false,"footnotes":""},"class_list":["post-2338","page","type-page","status-publish","has-post-thumbnail","hentry","entry","has-media"],"acf":[],"aioseo_notices":[],"_links":{"self":[{"href":"https:\/\/www.kalypsoparos.com\/de\/wp-json\/wp\/v2\/pages\/2338","targetHints":{"allow":["GET"]}}],"collection":[{"href":"https:\/\/www.kalypsoparos.com\/de\/wp-json\/wp\/v2\/pages"}],"about":[{"href":"https:\/\/www.kalypsoparos.com\/de\/wp-json\/wp\/v2\/types\/page"}],"author":[{"embeddable":true,"href":"https:\/\/www.kalypsoparos.com\/de\/wp-json\/wp\/v2\/users\/1"}],"replies":[{"embeddable":true,"href":"https:\/\/www.kalypsoparos.com\/de\/wp-json\/wp\/v2\/comments?post=2338"}],"version-history":[{"count":0,"href":"https:\/\/www.kalypsoparos.com\/de\/wp-json\/wp\/v2\/pages\/2338\/revisions"}],"up":[{"embeddable":true,"href":"https:\/\/www.kalypsoparos.com\/de\/wp-json\/wp\/v2\/pages\/2351"}],"wp:featuredmedia":[{"embeddable":true,"href":"https:\/\/www.kalypsoparos.com\/de\/wp-json\/wp\/v2\/media\/1495"}],"wp:attachment":[{"href":"https:\/\/www.kalypsoparos.com\/de\/wp-json\/wp\/v2\/media?parent=2338"}],"curies":[{"name":"wp","href":"https:\/\/api.w.org\/{rel}","templated":true}]}}