{"id":2351,"date":"2018-03-26T10:38:39","date_gmt":"2018-03-26T08:38:39","guid":{"rendered":"https:\/\/www.kalypsoparos.com\/hotel\/"},"modified":"2022-08-02T10:32:28","modified_gmt":"2022-08-02T08:32:28","slug":"hotel","status":"publish","type":"page","link":"https:\/\/www.kalypsoparos.com\/de\/hotel\/","title":{"rendered":"Hotel"},"content":{"rendered":"<p>Ein Hotel am Meer, das praktisch ins Meer f\u00e4llt\u2026<\/p>\n<p>Das Kalypso Hotel liegt direkt \u00fcber dem Strand von Agioi Anargyroi, nur 500 m vom Zentrum und dem Hafen der malerischen Stadt Naoussa entfernt. Es bietet Komfort am Strand mit traditioneller Architektur und professionell eingerichteten Zimmern.<\/p>\n<p>Das renovierte Hotel bietet dem Reisenden von heute eine komfortable und elegante Erfahrung, die moderne Annehmlichkeiten mit diskretem, pers\u00f6nlichem Service verbindet. Die wei\u00df get\u00fcnchten Geb\u00e4ude in Kombination mit dem eleganten Interieur verleihen dem gesamten Geb\u00e4ude eine einzigartig helle und luftige Atmosph\u00e4re.<\/p>\n<p>Die beruhigenden Ger\u00e4usche der rollenden Wellen sind \u00fcberall im Hotel zu h\u00f6ren, damit die G\u00e4ste es genie\u00dfen k\u00f6nnen. F\u00fcr totale Entspannung flitzen Sie den Nachmittag am Strand aus. Es ist zu allen Stunden magisch. Alles was Sie tun m\u00fcssen<\/p>\n<p>Erleben Sie die kykladische K\u00fcste in ihrer sch\u00f6nsten Form im Kalypso Hotel. Wir laden G\u00e4ste ein, ein gastfreundliches Konzept zu genie\u00dfen, das so warm ist wie die \u00e4g\u00e4ische Sonne.<\/p>\n<p>Machen Sie Ihren n\u00e4chsten Urlaub zu einem unvergesslichen Erlebnis im Kalypso Hotel.<\/p>\n","protected":false},"excerpt":{"rendered":"<p>Ein Hotel am Meer, das praktisch ins Meer f\u00e4llt\u2026 Das Kalypso Hotel liegt direkt \u00fcber dem Strand von Agioi Anargyroi, nur 500 m vom Zentrum und dem Hafen der malerischen Stadt Naoussa entfernt. Es bietet Komfort am Strand mit traditioneller&hellip;<\/p>\n","protected":false},"author":1,"featured_media":0,"parent":0,"menu_order":0,"comment_status":"closed","ping_status":"closed","template":"kobo\/hotel.php","meta":{"_acf_changed":false,"footnotes":""},"class_list":["post-2351","page","type-page","status-publish","hentry","entry","no-media"],"acf":[],"aioseo_notices":[],"_links":{"self":[{"href":"https:\/\/www.kalypsoparos.com\/de\/wp-json\/wp\/v2\/pages\/2351","targetHints":{"allow":["GET"]}}],"collection":[{"href":"https:\/\/www.kalypsoparos.com\/de\/wp-json\/wp\/v2\/pages"}],"about":[{"href":"https:\/\/www.kalypsoparos.com\/de\/wp-json\/wp\/v2\/types\/page"}],"author":[{"embeddable":true,"href":"https:\/\/www.kalypsoparos.com\/de\/wp-json\/wp\/v2\/users\/1"}],"replies":[{"embeddable":true,"href":"https:\/\/www.kalypsoparos.com\/de\/wp-json\/wp\/v2\/comments?post=2351"}],"version-history":[{"count":0,"href":"https:\/\/www.kalypsoparos.com\/de\/wp-json\/wp\/v2\/pages\/2351\/revisions"}],"wp:attachment":[{"href":"https:\/\/www.kalypsoparos.com\/de\/wp-json\/wp\/v2\/media?parent=2351"}],"curies":[{"name":"wp","href":"https:\/\/api.w.org\/{rel}","templated":true}]}}