{"id":2380,"date":"2018-03-22T12:10:53","date_gmt":"2018-03-22T10:10:53","guid":{"rendered":"https:\/\/www.kalypsoparos.com\/home\/"},"modified":"2022-08-02T10:32:31","modified_gmt":"2022-08-02T08:32:31","slug":"home","status":"publish","type":"page","link":"https:\/\/www.kalypsoparos.com\/de\/","title":{"rendered":"Startseite"},"content":{"rendered":"<p>Genie\u00dfen Sie \u201cDie Meeresfront Erfahrung\u201d auf der Insel Paros.<\/p>\n<p>Das Konzept des Kalypso Hotels mitVillen und Ferienwohnungen ist, dass es ein gleich am Strand liegender Komplex f\u00fcr Familien ist, wessen Besitzer \u00fcber 30 Jahren Erfahrung in Gastfreundlichkeit haben. Es liegt am Strand von AgioiAnargyroi in Naoussa Paros \u2013 man kann sich einen so spektakul\u00e4ren Ort schwer vorstellen. Hier gibt es f\u00fcr jedenetwas, wobei wahre Gastfreundlichkeit und ausgezeichnete Bedienung immer authentisch f\u00fcr das Gebiet sind.<\/p>\n<p>Der Komplex bietet wundersch\u00f6ne Blicke auf das Meer und Ruhe, w\u00e4hrend die traditionelle Architektur die Sch\u00f6nheit des schon wundersch\u00f6nen Ortes noch sch\u00f6ner macht, und die Atmosph\u00e4re nicht nur einfach und entspannendist, aber dennoch anspruchsvoll. Das Hotel und die Villen befinden sich neben dem naturnahem Strand, w\u00e4hrend der Komplex der Freizeitwohnungen nur 450 m entfernt ist.<\/p>\n","protected":false},"excerpt":{"rendered":"<p>Genie\u00dfen Sie \u201cDie Meeresfront Erfahrung\u201d auf der Insel Paros. Das Konzept des Kalypso Hotels mitVillen und Ferienwohnungen ist, dass es ein gleich am Strand liegender Komplex f\u00fcr Familien ist, wessen Besitzer \u00fcber 30 Jahren Erfahrung in Gastfreundlichkeit haben. Es liegt&hellip;<\/p>\n","protected":false},"author":1,"featured_media":0,"parent":0,"menu_order":0,"comment_status":"closed","ping_status":"closed","template":"kobo\/home.php","meta":{"_acf_changed":false,"footnotes":""},"class_list":["post-2380","page","type-page","status-publish","hentry","entry","no-media"],"acf":[],"aioseo_notices":[],"_links":{"self":[{"href":"https:\/\/www.kalypsoparos.com\/de\/wp-json\/wp\/v2\/pages\/2380","targetHints":{"allow":["GET"]}}],"collection":[{"href":"https:\/\/www.kalypsoparos.com\/de\/wp-json\/wp\/v2\/pages"}],"about":[{"href":"https:\/\/www.kalypsoparos.com\/de\/wp-json\/wp\/v2\/types\/page"}],"author":[{"embeddable":true,"href":"https:\/\/www.kalypsoparos.com\/de\/wp-json\/wp\/v2\/users\/1"}],"replies":[{"embeddable":true,"href":"https:\/\/www.kalypsoparos.com\/de\/wp-json\/wp\/v2\/comments?post=2380"}],"version-history":[{"count":0,"href":"https:\/\/www.kalypsoparos.com\/de\/wp-json\/wp\/v2\/pages\/2380\/revisions"}],"wp:attachment":[{"href":"https:\/\/www.kalypsoparos.com\/de\/wp-json\/wp\/v2\/media?parent=2380"}],"curies":[{"name":"wp","href":"https:\/\/api.w.org\/{rel}","templated":true}]}}