{"id":2935,"date":"2019-11-13T20:09:58","date_gmt":"2019-11-13T18:09:58","guid":{"rendered":"https:\/\/www.kalypsoparos.com\/experiences\/"},"modified":"2022-08-02T10:32:23","modified_gmt":"2022-08-02T08:32:23","slug":"erfahrungen","status":"publish","type":"page","link":"https:\/\/www.kalypsoparos.com\/de\/erfahrungen\/","title":{"rendered":"Erfahrungen"},"content":{"rendered":"<p style=\"font-weight: 400;\">Ein Tagtraum :<\/p>\n<p style=\"font-weight: 400;\">Sie beginnen Ihren Tag in unserem Fitnessbereich, um \u00a0K\u00f6rper &amp; Seele Gutes zu tun.\u00a0Im Anschluss erwartet Sie ein gesundes Fr\u00fchst\u00fcck von unserem reichhaltigen B\u00fcffet. Sodann profitieren Sie vom ausgiebigen Schwimmen im kristallklaren Wasser des Meeres vor unserem Hotel. Ehe Sie sich versehen, ist es Zeit f\u00fcr die mediterranen K\u00f6stlichkeiten unseres Chef de cuisine. In der Folge k\u00f6nnen Sie die Anspannungen durch eine Massage oder einen Jacuzzi-Besuch abbauen. Hier entsteht bereits die Vorfreude auf das vielf\u00e4ltige Angebot unserer Bar in Kombination mit dem Panorama unserer unvergleichlichen Landschaft.<\/p>\n<p style=\"font-weight: 400;\">Nur ein Traum? Lassen Sie diesen Traum doch Wirklichkeit werden!<\/p>\n","protected":false},"excerpt":{"rendered":"<p>Ein Tagtraum : Sie beginnen Ihren Tag in unserem Fitnessbereich, um \u00a0K\u00f6rper &amp; Seele Gutes zu tun.\u00a0Im Anschluss erwartet Sie ein gesundes Fr\u00fchst\u00fcck von unserem reichhaltigen B\u00fcffet. Sodann profitieren Sie vom ausgiebigen Schwimmen im kristallklaren Wasser des Meeres vor unserem&hellip;<\/p>\n","protected":false},"author":1,"featured_media":2185,"parent":0,"menu_order":0,"comment_status":"closed","ping_status":"closed","template":"kobo\/experiences.php","meta":{"_acf_changed":false,"footnotes":""},"class_list":["post-2935","page","type-page","status-publish","has-post-thumbnail","hentry","entry","has-media"],"acf":[],"aioseo_notices":[],"_links":{"self":[{"href":"https:\/\/www.kalypsoparos.com\/de\/wp-json\/wp\/v2\/pages\/2935","targetHints":{"allow":["GET"]}}],"collection":[{"href":"https:\/\/www.kalypsoparos.com\/de\/wp-json\/wp\/v2\/pages"}],"about":[{"href":"https:\/\/www.kalypsoparos.com\/de\/wp-json\/wp\/v2\/types\/page"}],"author":[{"embeddable":true,"href":"https:\/\/www.kalypsoparos.com\/de\/wp-json\/wp\/v2\/users\/1"}],"replies":[{"embeddable":true,"href":"https:\/\/www.kalypsoparos.com\/de\/wp-json\/wp\/v2\/comments?post=2935"}],"version-history":[{"count":0,"href":"https:\/\/www.kalypsoparos.com\/de\/wp-json\/wp\/v2\/pages\/2935\/revisions"}],"wp:featuredmedia":[{"embeddable":true,"href":"https:\/\/www.kalypsoparos.com\/de\/wp-json\/wp\/v2\/media\/2185"}],"wp:attachment":[{"href":"https:\/\/www.kalypsoparos.com\/de\/wp-json\/wp\/v2\/media?parent=2935"}],"curies":[{"name":"wp","href":"https:\/\/api.w.org\/{rel}","templated":true}]}}