{"id":3344,"date":"2021-03-26T09:38:51","date_gmt":"2021-03-26T07:38:51","guid":{"rendered":"https:\/\/www.kalypsoparos.com\/covid-19-useful-info\/"},"modified":"2022-08-02T10:32:22","modified_gmt":"2022-08-02T08:32:22","slug":"covid-19-useful-info","status":"publish","type":"page","link":"https:\/\/www.kalypsoparos.com\/de\/covid-19-useful-info\/","title":{"rendered":"Unsere oberste Priorit\u00e4t sind Sie! &#8211; COVID-19 N\u00fctzliche Informationen"},"content":{"rendered":"<p>Liebe G\u00e4ste und meine lieben Freunde,<\/p>\n<p>Wir haben Sie schon vermisst. Wir danken Ihnen und sch\u00e4tzen Ihre Treue.<\/p>\n<p>Unser gesamtes Team im KALYPSO HOTELS-APARTMENTS-VILLAS freut sich darauf, Sie endlich wieder bei uns begr\u00fc\u00dfen zu d\u00fcrfen.<\/p>\n<p>Wir werden f\u00fcr Sie da sein und das tun, was wir am liebsten und am besten tun: \u00a0IHRE GASTGEBER SEIN!<\/p>\n<p>Unser h\u00f6chstes Ziel ist es, Ihren Aufenthalt bei uns so \u201enormal\u201c und so angenehm wie m\u00f6glich zu gestalten.<\/p>\n<p>Wir haben unsere Hygienestandards intensiviert und die gesetzlichen Reinigungszyklen auch in unseren \u00f6ffentlichen Bereichen weiter erh\u00f6ht.<\/p>\n<p>H\u00e4ndedesinfektionsspender stehen allen unseren G\u00e4sten und Teammitgliedern in allen \u00f6ffentlichen Bereichen wie in unserer Lobby, an der Rezeption und nat\u00fcrlich an unserer Bar und in unserem Restaurant zur Verf\u00fcgung, um so oft wie n\u00f6tig verwendet zu werden.<\/p>\n<p>Nat\u00fcrlich werden die G\u00e4stezimmer nur in Ihrer Abwesenheit oder auf Ihren Wunsch gereinigt. Wir werden Ihr \u201evor\u00fcbergehendes Zuhause\u201c nicht ohne Ihre Erlaubnis oder Zustimmung betreten. Was f\u00fcr Sie zweckm\u00e4\u00dfig ist, ist auch f\u00fcr uns passend.<\/p>\n<p>Wir verw\u00f6hnen unsere G\u00e4ste weiterhin mit einem gro\u00dfartigen Fr\u00fchst\u00fcck und einem guten Men\u00fc (Sie k\u00f6nnen es nach Ihrem Geschmack und nach Ihren Vorlieben \u00e0 la carte zusammenstellen) und genie\u00dfen Sie es entweder in unserem sch\u00f6nen Garten, auf unserer gro\u00dfen Terrasse mit wundersch\u00f6nem Meerblick und erfrischender Brise oder in unserem ger\u00e4umigen Restaurant, in dem jedem Gast der entsprechende Sicherheitsabstand zur Verf\u00fcgung gestellt wird.<\/p>\n<p>Wir sind uns der notwendigen Distanz zwischen unseren Teammitgliedern und unseren G\u00e4sten in allen Bereichen bewusst, aber eines ist klar: Keine globale Pandemie kann unsere griechische Gastfreundschaft beeintr\u00e4chtigen.<\/p>\n<p>Wir hei\u00dfen Sie herzlich willkommen und w\u00fcnschen Ihnen eine angenehme Anreise!<\/p>\n<p><strong>Die BAFITIS-Familie und das gesamte KALYPSO-Team.<\/strong><\/p>\n<p><strong><img loading=\"lazy\" decoding=\"async\" class=\"wp-image-3064 alignleft\" src=\"https:\/\/www.kalypsoparos.com\/wp-content\/uploads\/2020\/06\/hf.jpg\" alt=\"\" width=\"413\" height=\"240\" srcset=\"https:\/\/www.kalypsoparos.com\/wp-content\/uploads\/2020\/06\/hf.jpg 1337w, https:\/\/www.kalypsoparos.com\/wp-content\/uploads\/2020\/06\/hf-768x447.jpg 768w, https:\/\/www.kalypsoparos.com\/wp-content\/uploads\/2020\/06\/hf-450x262.jpg 450w\" sizes=\"auto, (max-width: 413px) 100vw, 413px\" \/><\/strong><\/p>\n","protected":false},"excerpt":{"rendered":"<p>Liebe G\u00e4ste und meine lieben Freunde, Wir haben Sie schon vermisst. Wir danken Ihnen und sch\u00e4tzen Ihre Treue. Unser gesamtes Team im KALYPSO HOTELS-APARTMENTS-VILLAS freut sich darauf, Sie endlich wieder bei uns begr\u00fc\u00dfen zu d\u00fcrfen. Wir werden f\u00fcr Sie da&hellip;<\/p>\n","protected":false},"author":1,"featured_media":0,"parent":0,"menu_order":0,"comment_status":"closed","ping_status":"closed","template":"kobo\/covid.php","meta":{"_acf_changed":false,"footnotes":""},"class_list":["post-3344","page","type-page","status-publish","hentry","entry","no-media"],"acf":[],"aioseo_notices":[],"_links":{"self":[{"href":"https:\/\/www.kalypsoparos.com\/de\/wp-json\/wp\/v2\/pages\/3344","targetHints":{"allow":["GET"]}}],"collection":[{"href":"https:\/\/www.kalypsoparos.com\/de\/wp-json\/wp\/v2\/pages"}],"about":[{"href":"https:\/\/www.kalypsoparos.com\/de\/wp-json\/wp\/v2\/types\/page"}],"author":[{"embeddable":true,"href":"https:\/\/www.kalypsoparos.com\/de\/wp-json\/wp\/v2\/users\/1"}],"replies":[{"embeddable":true,"href":"https:\/\/www.kalypsoparos.com\/de\/wp-json\/wp\/v2\/comments?post=3344"}],"version-history":[{"count":0,"href":"https:\/\/www.kalypsoparos.com\/de\/wp-json\/wp\/v2\/pages\/3344\/revisions"}],"wp:attachment":[{"href":"https:\/\/www.kalypsoparos.com\/de\/wp-json\/wp\/v2\/media?parent=3344"}],"curies":[{"name":"wp","href":"https:\/\/api.w.org\/{rel}","templated":true}]}}