{"id":2220,"date":"2018-05-05T11:07:02","date_gmt":"2018-05-05T09:07:02","guid":{"rendered":"https:\/\/www.kalypsoparos.com\/about-2\/"},"modified":"2022-08-02T10:32:24","modified_gmt":"2022-08-02T08:32:24","slug":"about","status":"publish","type":"page","link":"https:\/\/www.kalypsoparos.com\/fr\/apartments\/about\/","title":{"rendered":"A Propos"},"content":{"rendered":"<p>Con\u00e7u pour se m\u00ealer harmonieusement avec la nature et offrant le lieu id\u00e9al pour s&rsquo;\u00e9vader de la vie quotidienne, les appartements Kalypso se trouvent \u00e0 seulement 450 m\u00e8tres de la plage immacul\u00e9e d&rsquo;AgioiAnargyroi et de l&rsquo;h\u00f4tel Kalypso, juste \u00e0 c\u00f4t\u00e9 de la petite chapelle familiale.<\/p>\n<p>Son architecture ressemble \u00e0 une maison cycladique classique avec des murs blancs, des arches et des int\u00e9rieurs plaisants, tandis que la v\u00e9g\u00e9tation luxuriante met en valeur les jardins et les environs. Des d\u00e9tails de d\u00e9coration et des fonctionnalit\u00e9s bien pens\u00e9s font en sorte que nos clients soient inspir\u00e9s tout au long de leur s\u00e9jour.<\/p>\n<p>En fin de journ\u00e9e, les studios et les appartements spacieux repr\u00e9senteront un paradis pour se d\u00e9tendre. Calmes, lumineux et avec une d\u00e9coration minimale de bon go\u00fbt, ils sont parfaits pour les voyageurs d\u2019affaires qui cherchent un espace de travail ou une famille qui appr\u00e9cie plus d\u2019espace au-del\u00e0 des chambres d\u2019h\u00f4tel habituelles.<\/p>\n<p>Le personnel d\u00e9vou\u00e9 est pr\u00eat \u00e0 vous offrir un accueil chaleureux ainsi qu&rsquo;un accueil professionnel et personnalis\u00e9 vous promettant de passer un s\u00e9jour m\u00e9morable aux appartements Kalypso. De plus, pour un s\u00e9jour agr\u00e9able et sans soucis pour les adultes et les enfants, vous pourrez vous d\u00e9tendre dans le sublime jardin unique, ou dans l&rsquo;aire de jeux avec un grand espace de stationnement.<\/p>\n<p>Ici, il ne vous faudra pas beaucoup de temps pour sentir ce monde unique loin de tout.<\/p>\n","protected":false},"excerpt":{"rendered":"<p>Con\u00e7u pour se m\u00ealer harmonieusement avec la nature et offrant le lieu id\u00e9al pour s&rsquo;\u00e9vader de la vie quotidienne, les appartements Kalypso se trouvent \u00e0 seulement 450 m\u00e8tres de la plage immacul\u00e9e d&rsquo;AgioiAnargyroi et de l&rsquo;h\u00f4tel Kalypso, juste \u00e0 c\u00f4t\u00e9&hellip;<\/p>\n","protected":false},"author":1,"featured_media":0,"parent":2347,"menu_order":0,"comment_status":"closed","ping_status":"closed","template":"kobo\/about.php","meta":{"_acf_changed":false,"footnotes":""},"class_list":["post-2220","page","type-page","status-publish","hentry","entry","no-media"],"acf":[],"aioseo_notices":[],"_links":{"self":[{"href":"https:\/\/www.kalypsoparos.com\/fr\/wp-json\/wp\/v2\/pages\/2220","targetHints":{"allow":["GET"]}}],"collection":[{"href":"https:\/\/www.kalypsoparos.com\/fr\/wp-json\/wp\/v2\/pages"}],"about":[{"href":"https:\/\/www.kalypsoparos.com\/fr\/wp-json\/wp\/v2\/types\/page"}],"author":[{"embeddable":true,"href":"https:\/\/www.kalypsoparos.com\/fr\/wp-json\/wp\/v2\/users\/1"}],"replies":[{"embeddable":true,"href":"https:\/\/www.kalypsoparos.com\/fr\/wp-json\/wp\/v2\/comments?post=2220"}],"version-history":[{"count":0,"href":"https:\/\/www.kalypsoparos.com\/fr\/wp-json\/wp\/v2\/pages\/2220\/revisions"}],"up":[{"embeddable":true,"href":"https:\/\/www.kalypsoparos.com\/fr\/wp-json\/wp\/v2\/pages\/2347"}],"wp:attachment":[{"href":"https:\/\/www.kalypsoparos.com\/fr\/wp-json\/wp\/v2\/media?parent=2220"}],"curies":[{"name":"wp","href":"https:\/\/api.w.org\/{rel}","templated":true}]}}