{"id":2231,"date":"2018-04-17T19:50:18","date_gmt":"2018-04-17T17:50:18","guid":{"rendered":"https:\/\/www.kalypsoparos.com\/wellness\/"},"modified":"2022-08-02T10:32:25","modified_gmt":"2022-08-02T08:32:25","slug":"wellness","status":"publish","type":"page","link":"https:\/\/www.kalypsoparos.com\/fr\/apartments\/wellness\/","title":{"rendered":"Bien-\u00eatre"},"content":{"rendered":"<p>Les vacances sont une excellente occasion pour se laisser envahir par le bien-\u00eatre, la relaxation physique et la stimulation mentale. A l\u2019h\u00f4tel\u00a0 Kalypso, nous vous proposons des installations et des services qui peuvent contribuer largement \u00e0 l\u2019acquisition de tout ce qui pr\u00e9c\u00e8de.<\/p>\n<p>Quel que soit votre logement, h\u00f4tel, villa ou appartement, vous \u00eates libre d\u2019utiliser nos installations de bien-\u00eatre et de les transformer en un v\u00e9ritable refuge : pour l\u2019indulgence, les loisirs et l\u2019apprentissage; votre formule naturelle pour le bien-\u00eatre; vos vacances passeront \u00e0 la forme physique et au mode de vie \u00e9quilibr\u00e9.<\/p>\n<p>Profitez des espaces con\u00e7us pour offrir aux clients une exp\u00e9rience sans pr\u00e9c\u00e9dent de relaxation pure, rafra\u00eechissant le corps et l\u2019esprit, et offrant une \u00e9nergie nouvelle et positive.<\/p>\n<p>&nbsp;<\/p>\n","protected":false},"excerpt":{"rendered":"<p>Les vacances sont une excellente occasion pour se laisser envahir par le bien-\u00eatre, la relaxation physique et la stimulation mentale. A l\u2019h\u00f4tel\u00a0 Kalypso, nous vous proposons des installations et des services qui peuvent contribuer largement \u00e0 l\u2019acquisition de tout ce&hellip;<\/p>\n","protected":false},"author":1,"featured_media":0,"parent":2347,"menu_order":0,"comment_status":"closed","ping_status":"closed","template":"kobo\/apartmentservices.php","meta":{"_acf_changed":false,"footnotes":""},"class_list":["post-2231","page","type-page","status-publish","hentry","entry","no-media"],"acf":[],"aioseo_notices":[],"_links":{"self":[{"href":"https:\/\/www.kalypsoparos.com\/fr\/wp-json\/wp\/v2\/pages\/2231","targetHints":{"allow":["GET"]}}],"collection":[{"href":"https:\/\/www.kalypsoparos.com\/fr\/wp-json\/wp\/v2\/pages"}],"about":[{"href":"https:\/\/www.kalypsoparos.com\/fr\/wp-json\/wp\/v2\/types\/page"}],"author":[{"embeddable":true,"href":"https:\/\/www.kalypsoparos.com\/fr\/wp-json\/wp\/v2\/users\/1"}],"replies":[{"embeddable":true,"href":"https:\/\/www.kalypsoparos.com\/fr\/wp-json\/wp\/v2\/comments?post=2231"}],"version-history":[{"count":0,"href":"https:\/\/www.kalypsoparos.com\/fr\/wp-json\/wp\/v2\/pages\/2231\/revisions"}],"up":[{"embeddable":true,"href":"https:\/\/www.kalypsoparos.com\/fr\/wp-json\/wp\/v2\/pages\/2347"}],"wp:attachment":[{"href":"https:\/\/www.kalypsoparos.com\/fr\/wp-json\/wp\/v2\/media?parent=2231"}],"curies":[{"name":"wp","href":"https:\/\/api.w.org\/{rel}","templated":true}]}}