{"id":2241,"date":"2018-04-17T19:34:50","date_gmt":"2018-04-17T17:34:50","guid":{"rendered":"https:\/\/www.kalypsoparos.com\/location\/"},"modified":"2022-08-02T10:32:25","modified_gmt":"2022-08-02T08:32:25","slug":"location","status":"publish","type":"page","link":"https:\/\/www.kalypsoparos.com\/fr\/villas\/location\/","title":{"rendered":"EMPLACEMENT"},"content":{"rendered":"<p>Les villas Kalypso Paros offrent un cadre particuli\u00e8rement \u00e9l\u00e9gant o\u00f9 les visiteurs peuvent profiter de la vue \u00e0 couper le souffle et explorer la partie la plus romantique de l&rsquo;\u00eele de Paros en Gr\u00e8ce.<\/p>\n<p>Son emplacement privil\u00e9gi\u00e9 procure \u00e0 ses clients une tranquillit\u00e9 absolue, \u00e0 seulement 10 minutes \u00e0 pied du centre et du port de la pittoresque et cosmopolite de Naoussa, Paros. \u00c0 Naoussa, vous trouverez des bars ouzo traditionnels, des restaurants, des caf\u00e9s, des discoth\u00e8ques, des magasins, des banques, une agence de voyage et un bureau de poste.<\/p>\n<p>Points d&rsquo;int\u00e9r\u00eat et distances relatives \u00e0 Kalypso Villas<\/p>\n<ul>\n<li>Plage AgioiAnargyroi: 30m<\/li>\n<li>Naoussa: 500m<\/li>\n<li>Arr\u00eat de bus: 500 m<\/li>\n<li>Station de taxis: 500 m<\/li>\n<li>Super march\u00e9: 50 m<\/li>\n<li>a\u00e9roport: 20 km<\/li>\n<li>Capitale et port (ville de Parikia): 11 km<\/li>\n<\/ul>\n","protected":false},"excerpt":{"rendered":"<p>Les villas Kalypso Paros offrent un cadre particuli\u00e8rement \u00e9l\u00e9gant o\u00f9 les visiteurs peuvent profiter de la vue \u00e0 couper le souffle et explorer la partie la plus romantique de l&rsquo;\u00eele de Paros en Gr\u00e8ce. Son emplacement privil\u00e9gi\u00e9 procure \u00e0 ses&hellip;<\/p>\n","protected":false},"author":1,"featured_media":0,"parent":2340,"menu_order":0,"comment_status":"closed","ping_status":"closed","template":"kobo\/villaslocation.php","meta":{"_acf_changed":false,"footnotes":""},"class_list":["post-2241","page","type-page","status-publish","hentry","entry","no-media"],"acf":[],"aioseo_notices":[],"_links":{"self":[{"href":"https:\/\/www.kalypsoparos.com\/fr\/wp-json\/wp\/v2\/pages\/2241","targetHints":{"allow":["GET"]}}],"collection":[{"href":"https:\/\/www.kalypsoparos.com\/fr\/wp-json\/wp\/v2\/pages"}],"about":[{"href":"https:\/\/www.kalypsoparos.com\/fr\/wp-json\/wp\/v2\/types\/page"}],"author":[{"embeddable":true,"href":"https:\/\/www.kalypsoparos.com\/fr\/wp-json\/wp\/v2\/users\/1"}],"replies":[{"embeddable":true,"href":"https:\/\/www.kalypsoparos.com\/fr\/wp-json\/wp\/v2\/comments?post=2241"}],"version-history":[{"count":0,"href":"https:\/\/www.kalypsoparos.com\/fr\/wp-json\/wp\/v2\/pages\/2241\/revisions"}],"up":[{"embeddable":true,"href":"https:\/\/www.kalypsoparos.com\/fr\/wp-json\/wp\/v2\/pages\/2340"}],"wp:attachment":[{"href":"https:\/\/www.kalypsoparos.com\/fr\/wp-json\/wp\/v2\/media?parent=2241"}],"curies":[{"name":"wp","href":"https:\/\/api.w.org\/{rel}","templated":true}]}}