{"id":2262,"date":"2018-04-17T19:23:21","date_gmt":"2018-04-17T17:23:21","guid":{"rendered":"https:\/\/www.kalypsoparos.com\/location-2\/"},"modified":"2022-08-02T10:32:26","modified_gmt":"2022-08-02T08:32:26","slug":"location","status":"publish","type":"page","link":"https:\/\/www.kalypsoparos.com\/fr\/apartments\/location\/","title":{"rendered":"Emplacement"},"content":{"rendered":"<p>There are nice places, great places and there&rsquo;s the island of Paros. Located at the heart of the Cyclades, the island of Paros is one of the most beloved destinations in Greece. Traditional whitewashed cubic houses, mixed with Venetian architecture and neoclassical mansions, wonderful churches dating from the 15th century and whitewashed windmills create a stunning sight for<\/p>\n<p>Il y a de beaux endroits, des endroits magnifiques, et puis il y a l\u2019\u00eele de Paros. Situ\u00e9e au c\u0153ur des Cyclades, cette \u00eele est l&rsquo;une des destinations les plus appr\u00e9ci\u00e9es de la Gr\u00e8ce. Des maisons cubiques traditionnelles blanchies \u00e0 la chaux, m\u00e9lang\u00e9es \u00e0 l&rsquo;architecture v\u00e9nitienne et \u00e0 des manoirs n\u00e9oclassiques, de magnifiques \u00e9glises datant du 15\u00e8me si\u00e8cle et des moulins \u00e0 vent blanchis \u00e0 la chaux pour cr\u00e9er un spectacle \u00e9poustouflant.<\/p>\n<p>Des plages ensoleill\u00e9es o\u00f9 vous pourrez profiter d&rsquo;une mer cristalline, de beaux villages traditionnels comme Naousa et Lefkes et une beaut\u00e9 naturelle incomparable vous attendent. Le blanc et le bleu se combinent \u00e0 merveille pour le plaisir de vos yeux !<\/p>\n<p>Le complexe h\u00f4telier Kalypso, Villas et Appartements est situ\u00e9 \u00e0 Naoussa, Paros, \u00e0 seulement 500 m\u00e8tres du centre et du port de la ville pittoresque. L&rsquo;h\u00f4tel et les villas sont situ\u00e9s \u00e0 c\u00f4t\u00e9 de la plage immacul\u00e9e d&rsquo;AgioiAnargyroi, tandis que le complexe d&rsquo;appartements est \u00e0 seulement 450 m\u00e8tres.<\/p>\n<p>Pendant votre s\u00e9jour \u00e0 l\u2019h\u00f4tel, vous serez impressionn\u00e9 par l\u2019incroyable front de mer que vous pourrez admirer de t\u00f4t le matin jusqu\u2019au soir sur une confortable chaise longue. De plus, le paradis sablonneux est \u00e0 port\u00e9e de main si vous souhaitez vous baigner dans les eaux rafraichissantes de la mer.<\/p>\n<p>C&rsquo;est l&rsquo;endroit id\u00e9al pour tout l\u00e2cher et c\u00e9l\u00e9brer la joie de vivre.<\/p>\n","protected":false},"excerpt":{"rendered":"<p>There are nice places, great places and there&rsquo;s the island of Paros. Located at the heart of the Cyclades, the island of Paros is one of the most beloved destinations in Greece. Traditional whitewashed cubic houses, mixed with Venetian architecture&hellip;<\/p>\n","protected":false},"author":1,"featured_media":0,"parent":2347,"menu_order":0,"comment_status":"closed","ping_status":"closed","template":"kobo\/apartmentlocation.php","meta":{"_acf_changed":false,"footnotes":""},"class_list":["post-2262","page","type-page","status-publish","hentry","entry","no-media"],"acf":[],"aioseo_notices":[],"_links":{"self":[{"href":"https:\/\/www.kalypsoparos.com\/fr\/wp-json\/wp\/v2\/pages\/2262","targetHints":{"allow":["GET"]}}],"collection":[{"href":"https:\/\/www.kalypsoparos.com\/fr\/wp-json\/wp\/v2\/pages"}],"about":[{"href":"https:\/\/www.kalypsoparos.com\/fr\/wp-json\/wp\/v2\/types\/page"}],"author":[{"embeddable":true,"href":"https:\/\/www.kalypsoparos.com\/fr\/wp-json\/wp\/v2\/users\/1"}],"replies":[{"embeddable":true,"href":"https:\/\/www.kalypsoparos.com\/fr\/wp-json\/wp\/v2\/comments?post=2262"}],"version-history":[{"count":0,"href":"https:\/\/www.kalypsoparos.com\/fr\/wp-json\/wp\/v2\/pages\/2262\/revisions"}],"up":[{"embeddable":true,"href":"https:\/\/www.kalypsoparos.com\/fr\/wp-json\/wp\/v2\/pages\/2347"}],"wp:attachment":[{"href":"https:\/\/www.kalypsoparos.com\/fr\/wp-json\/wp\/v2\/media?parent=2262"}],"curies":[{"name":"wp","href":"https:\/\/api.w.org\/{rel}","templated":true}]}}