{"id":2340,"date":"2018-03-26T11:51:29","date_gmt":"2018-03-26T09:51:29","guid":{"rendered":"https:\/\/www.kalypsoparos.com\/villas-2\/"},"modified":"2022-08-02T10:32:28","modified_gmt":"2022-08-02T08:32:28","slug":"villas","status":"publish","type":"page","link":"https:\/\/www.kalypsoparos.com\/fr\/villas\/","title":{"rendered":"Villas"},"content":{"rendered":"<p>Bienvenue aux Villas Kalypso.<\/p>\n<p>Emplacement baln\u00e9aire priv\u00e9 offrant une vue \u00e9poustouflante dans un environnement enchanteur impr\u00e9gn\u00e9 d&rsquo;un air d&rsquo;\u00e9l\u00e9gance moderne.<\/p>\n<p>Laissez vos r\u00eaves devenir r\u00e9alit\u00e9, et laissez la brise caressante de la mer \u00c9g\u00e9e \u00e9veillera vos sens au Villas Kalypso, un refuge de luxe cr\u00e9\u00e9 pour ceux qui d\u00e9sirent des moments de d\u00e9tente paisibles au milieu des vagues.<\/p>\n<p>Le complexe Kalypso Villas se compose de 3 villas cycladiques ind\u00e9pendantes, situ\u00e9es dans la ville cosmopolite et pittoresque de Naoussa sur l&rsquo;\u00eele de Paros, sur la plage d&rsquo;AgioiAnargyroi, au bord de la mer et \u00e0 seulement 10 minutes \u00e0 pied du port de Naoussa, Paros.<\/p>\n<p>Nos villas offrent une escapade de luxe et de d\u00e9tente au bord de la mer dans le village de Naoussa. R\u00e9veillez-vous dans un paysage incroyable, avec la mer \u00c9g\u00e9e et la plage AgioiAnargyroi qui r\u00e9v\u00e8lent leur beaut\u00e9 devant vos yeux. Chacune de nos villas de luxe \u00e0 Paros dispose d&rsquo;une cuve thermale ext\u00e9rieure priv\u00e9e, afin de vous permettre de profiter de la beaut\u00e9 de la baie en toute finesse.<\/p>\n<p>Les clients des villas Kalypso \u00e0 Paros b\u00e9n\u00e9ficient de services et d&rsquo;installations de haute qualit\u00e9, faisant de leur s\u00e9jour une exp\u00e9rience de vacances unique et tr\u00e8s relaxante dans l&rsquo;un des complexes de villas les plus chaleureux et les plus conviviaux de Paros. Les terrains comprennent un jardin ainsi qu\u2019un parking ext\u00e9rieur gratuit.<\/p>\n","protected":false},"excerpt":{"rendered":"<p>Bienvenue aux Villas Kalypso. Emplacement baln\u00e9aire priv\u00e9 offrant une vue \u00e9poustouflante dans un environnement enchanteur impr\u00e9gn\u00e9 d&rsquo;un air d&rsquo;\u00e9l\u00e9gance moderne. Laissez vos r\u00eaves devenir r\u00e9alit\u00e9, et laissez la brise caressante de la mer \u00c9g\u00e9e \u00e9veillera vos sens au Villas Kalypso,&hellip;<\/p>\n","protected":false},"author":1,"featured_media":0,"parent":0,"menu_order":0,"comment_status":"closed","ping_status":"closed","template":"kobo\/villas.php","meta":{"_acf_changed":false,"footnotes":""},"class_list":["post-2340","page","type-page","status-publish","hentry","entry","no-media"],"acf":[],"aioseo_notices":[],"_links":{"self":[{"href":"https:\/\/www.kalypsoparos.com\/fr\/wp-json\/wp\/v2\/pages\/2340","targetHints":{"allow":["GET"]}}],"collection":[{"href":"https:\/\/www.kalypsoparos.com\/fr\/wp-json\/wp\/v2\/pages"}],"about":[{"href":"https:\/\/www.kalypsoparos.com\/fr\/wp-json\/wp\/v2\/types\/page"}],"author":[{"embeddable":true,"href":"https:\/\/www.kalypsoparos.com\/fr\/wp-json\/wp\/v2\/users\/1"}],"replies":[{"embeddable":true,"href":"https:\/\/www.kalypsoparos.com\/fr\/wp-json\/wp\/v2\/comments?post=2340"}],"version-history":[{"count":0,"href":"https:\/\/www.kalypsoparos.com\/fr\/wp-json\/wp\/v2\/pages\/2340\/revisions"}],"wp:attachment":[{"href":"https:\/\/www.kalypsoparos.com\/fr\/wp-json\/wp\/v2\/media?parent=2340"}],"curies":[{"name":"wp","href":"https:\/\/api.w.org\/{rel}","templated":true}]}}