{"id":2379,"date":"2018-03-22T12:10:53","date_gmt":"2018-03-22T10:10:53","guid":{"rendered":"https:\/\/www.kalypsoparos.com\/home\/"},"modified":"2022-08-02T10:32:31","modified_gmt":"2022-08-02T08:32:31","slug":"home","status":"publish","type":"page","link":"https:\/\/www.kalypsoparos.com\/fr\/","title":{"rendered":"Accueil"},"content":{"rendered":"<p>Profitez d\u2019une exp\u00e9rience sublime au \u00ab\u00a0front de mer\u00a0\u00bb sur l\u2019ile de Paros<\/p>\n<p>Le meilleur moyen de d\u00e9finir le concept qui se cache derri\u00e8re Kalypso Hotel, Villas and Apartments est l\u2019id\u00e9e d\u2019un complexe familial situ\u00e9 directement sur la plage, dont les propri\u00e9taires ont plus de 30 ans d\u2019exp\u00e9rience dans le domaine de l\u2019h\u00f4tellerie. Il est situ\u00e9 sur la plage d&rsquo;Agioi Anargyroi \u00e0 Naoussa Paros, l\u2019un des endroits les plus spectaculaires. Ici, il y en a pour tous les go\u00fbts et tous les budgets, avec une hospitalit\u00e9 sinc\u00e8re et un service excellent authentiquement locaux.<\/p>\n<p>Le complexe offre une vue magnifique sur la mer et de la tranquillit\u00e9, et son architecture traditionnelle met en valeur la beaut\u00e9 d&rsquo;un endroit d\u00e9j\u00e0 magnifique, o\u00f9 l&rsquo;atmosph\u00e8re est simple et d\u00e9tendue, et au m\u00eame temps sophistiqu\u00e9e. L&rsquo;h\u00f4tel et les villas sont situ\u00e9s \u00e0 c\u00f4t\u00e9 d&rsquo;une plage immacul\u00e9e, tandis que le complexe d&rsquo;appartements est situ\u00e9 \u00e0 seulement 450 m\u00e8tres.<\/p>\n<p>D\u00e9couvrez un lieu o\u00f9 l\u2019authenticit\u00e9 et le charme locaux se m\u00ealent \u00e0 une l\u2019\u00e9l\u00e9gance de l\u2019\u00eele, cr\u00e9ant ainsi un complexe immobilier id\u00e9al pour les affaires, ainsi que pour les loisirs. Offrez-vous l\u2019exp\u00e9rience dont vous avez toujours r\u00eav\u00e9, o\u00f9 vous vous sentirez chez vous loin de votre maison, dans un endroit vraiment remarquable en bord de mer.<\/p>\n","protected":false},"excerpt":{"rendered":"<p>Profitez d\u2019une exp\u00e9rience sublime au \u00ab\u00a0front de mer\u00a0\u00bb sur l\u2019ile de Paros Le meilleur moyen de d\u00e9finir le concept qui se cache derri\u00e8re Kalypso Hotel, Villas and Apartments est l\u2019id\u00e9e d\u2019un complexe familial situ\u00e9 directement sur la plage, dont les&hellip;<\/p>\n","protected":false},"author":1,"featured_media":0,"parent":0,"menu_order":0,"comment_status":"closed","ping_status":"closed","template":"kobo\/home.php","meta":{"_acf_changed":false,"footnotes":""},"class_list":["post-2379","page","type-page","status-publish","hentry","entry","no-media"],"acf":[],"aioseo_notices":[],"_links":{"self":[{"href":"https:\/\/www.kalypsoparos.com\/fr\/wp-json\/wp\/v2\/pages\/2379","targetHints":{"allow":["GET"]}}],"collection":[{"href":"https:\/\/www.kalypsoparos.com\/fr\/wp-json\/wp\/v2\/pages"}],"about":[{"href":"https:\/\/www.kalypsoparos.com\/fr\/wp-json\/wp\/v2\/types\/page"}],"author":[{"embeddable":true,"href":"https:\/\/www.kalypsoparos.com\/fr\/wp-json\/wp\/v2\/users\/1"}],"replies":[{"embeddable":true,"href":"https:\/\/www.kalypsoparos.com\/fr\/wp-json\/wp\/v2\/comments?post=2379"}],"version-history":[{"count":0,"href":"https:\/\/www.kalypsoparos.com\/fr\/wp-json\/wp\/v2\/pages\/2379\/revisions"}],"wp:attachment":[{"href":"https:\/\/www.kalypsoparos.com\/fr\/wp-json\/wp\/v2\/media?parent=2379"}],"curies":[{"name":"wp","href":"https:\/\/api.w.org\/{rel}","templated":true}]}}