{"id":2937,"date":"2019-11-13T20:10:19","date_gmt":"2019-11-13T18:10:19","guid":{"rendered":"https:\/\/www.kalypsoparos.com\/experiences\/"},"modified":"2022-08-02T10:32:22","modified_gmt":"2022-08-02T08:32:22","slug":"experiences","status":"publish","type":"page","link":"https:\/\/www.kalypsoparos.com\/fr\/experiences\/","title":{"rendered":"Exp\u00e9riences"},"content":{"rendered":"<p>LE R\u00caVE DU JOUR !<\/p>\n<p>Commencez votre journ\u00e9e par quelques exercices stimulant pour votre corps dans notre salle de gymnastique, poursuivez par un petit d\u00e9jeuner sain, choisissant parmi la riche vari\u00e9t\u00e9 des produits de notre buffet, profitez d&rsquo;une agr\u00e9able baignade dans la mer situ\u00e9e au pied de notre h\u00f4tel et, plus tard, d\u00e9gustez les d\u00e9licieux plats m\u00e9diterran\u00e9ens propos\u00e9s par notre chef. Au fil des heures, lib\u00e9rez-vous de toute \u00e9nergie n\u00e9gative et d\u00e9tendez votre corps gr\u00e2ce \u00e0 un massage ou un jacuzzi relaxant au SPA de l\u2019h\u00f4tel. Le soir, offrez-vous la chance de go\u00fbter \u00e0 la vari\u00e9t\u00e9 des boissons propos\u00e9es par notre bar tout en admirant le paysage magnifique se d\u00e9ployant devant vous.<\/p>\n<p>CELA RESSEMBLE A UN REVE, ET POURTANT C&rsquo;EST LA R\u00c9ALIT\u00c9 !!!<\/p>\n","protected":false},"excerpt":{"rendered":"<p>LE R\u00caVE DU JOUR ! Commencez votre journ\u00e9e par quelques exercices stimulant pour votre corps dans notre salle de gymnastique, poursuivez par un petit d\u00e9jeuner sain, choisissant parmi la riche vari\u00e9t\u00e9 des produits de notre buffet, profitez d&rsquo;une agr\u00e9able baignade&hellip;<\/p>\n","protected":false},"author":1,"featured_media":2184,"parent":0,"menu_order":0,"comment_status":"closed","ping_status":"closed","template":"kobo\/experiences.php","meta":{"_acf_changed":false,"footnotes":""},"class_list":["post-2937","page","type-page","status-publish","has-post-thumbnail","hentry","entry","has-media"],"acf":[],"aioseo_notices":[],"_links":{"self":[{"href":"https:\/\/www.kalypsoparos.com\/fr\/wp-json\/wp\/v2\/pages\/2937","targetHints":{"allow":["GET"]}}],"collection":[{"href":"https:\/\/www.kalypsoparos.com\/fr\/wp-json\/wp\/v2\/pages"}],"about":[{"href":"https:\/\/www.kalypsoparos.com\/fr\/wp-json\/wp\/v2\/types\/page"}],"author":[{"embeddable":true,"href":"https:\/\/www.kalypsoparos.com\/fr\/wp-json\/wp\/v2\/users\/1"}],"replies":[{"embeddable":true,"href":"https:\/\/www.kalypsoparos.com\/fr\/wp-json\/wp\/v2\/comments?post=2937"}],"version-history":[{"count":0,"href":"https:\/\/www.kalypsoparos.com\/fr\/wp-json\/wp\/v2\/pages\/2937\/revisions"}],"wp:featuredmedia":[{"embeddable":true,"href":"https:\/\/www.kalypsoparos.com\/fr\/wp-json\/wp\/v2\/media\/2184"}],"wp:attachment":[{"href":"https:\/\/www.kalypsoparos.com\/fr\/wp-json\/wp\/v2\/media?parent=2937"}],"curies":[{"name":"wp","href":"https:\/\/api.w.org\/{rel}","templated":true}]}}